{"id":18,"date":"2024-10-02T14:33:05","date_gmt":"2024-10-02T14:33:05","guid":{"rendered":"https:\/\/gostivari.gov.mk\/042\/?page_id=18"},"modified":"2024-10-02T14:33:07","modified_gmt":"2024-10-02T14:33:07","slug":"sherbimi-zjarfikes","status":"publish","type":"page","link":"https:\/\/gostivari.gov.mk\/042\/sherbimi-zjarfikes","title":{"rendered":"Sh\u00ebrbimi Zjarfik\u00ebs"},"content":{"rendered":"<div  class='flex_column av-av_one_full-2d22dc0500e159f2b39fe7a147caf14c av_one_full  avia-builder-el-0  avia-builder-el-no-sibling  first flex_column_div  '     ><section  class='av_textblock_section av-m1rybwf8-ff2a660d6275b6b3644dc5c259ca6b19 '   itemscope=\"itemscope\" itemtype=\"https:\/\/schema.org\/CreativeWork\" ><div class='avia_textblock'  itemprop=\"text\" ><p>Nj\u00ebsiti kund\u00ebr zjarrit \u2013 Gostivar \u00ebsht\u00eb formuar m\u00eb 1957 dhe punon deri m\u00eb 1975 n\u00ebn kompetenca t\u00eb vet\u00ebqeverisjes lokale kur me vendim t\u00eb Parlamentit t\u00eb SFRJ-s\u00eb s\u00eb at\u00ebhershme t\u00eb gjith\u00eb sh\u00ebrbimet zjarrfik\u00ebse kalojn\u00eb n\u00eb buxhetin e Republikave, gjegj\u00ebsisht n\u00eb suaza t\u00eb Ministris\u00eb s\u00eb Pun\u00ebve t\u00eb Brendshme dhe riem\u00ebrohen n\u00eb Nj\u00ebsite Territoriale Kund\u00ebrzjarrit, m\u00eb 2005 gjegj\u00ebsisht prej 01.07.2005 s\u00ebrish me vendim t\u00eb Parlamentit t\u00eb Republik\u00ebs s\u00eb Maqedonis\u00eb dhe me ligjin p\u00ebr zjarrfik\u00ebs t\u00eb gjith\u00eb Nj\u00ebsitet Territoriale Profesionale Kund\u00ebrzjarrit kalojm\u00eb n\u00ebn ingjerencat e vet\u00ebqeverisjes lokale.<\/p>\n<p>Nj\u00ebsiti profesional Kund\u00ebrzjarrit n\u00eb Komun\u00ebn e Gostivarit ju njofton me profesionin e guximsh\u00ebm t\u00eb Zjarrfik\u00ebsit. Ju k\u00ebshillon si t\u00eb parandaloni paraqitjen e zjarreve dhe t\u00eb jape informata t\u00eb ndryshme n\u00eb fush\u00ebn e zjarrfik\u00ebs dhe mbrojtjes kund\u00ebr zjarrit.<\/p>\n<p>Nj\u00ebsiti Territorial Kund\u00ebrzjarrit \u2013 Gostivar \u00ebsht\u00eb nj\u00ebsi profesionale, humanitare, jo fitimprur\u00ebse dhe apolitike me interesa t\u00eb ve\u00e7anta p\u00ebr qytetin e Gostivarit. NJTKZ Gostivar num\u00ebron 31 t\u00eb zjarrfik\u00ebs profesional t\u00eb pun\u00ebsuar.<\/p>\n<p>1 \u2013 Komandant i NJTKZ \u2013 Gostivar<br \/>\n1 \u2013 Zv. Komandant i NJTKZ \u2013 Gostivar<br \/>\n4 \u2013 Komandant i \u00c7et\u00ebs<br \/>\n4 \u2013 Zv. Komandant i \u00c7et\u00ebs<br \/>\n16 \u2013 Zjarrfik\u00ebs vozit\u00ebs<br \/>\n13 \u2013 Zjarrfik\u00ebs<\/p>\n<p>Orari i pun\u00ebs i zjarrfik\u00ebsve\u00a0 \u00ebsht\u00eb nga 12 or\u00eb.<br \/>\n\u00c7ka punojn\u00eb zjarrfik\u00ebsit profesional:<\/p>\n<p>Zjarrfik\u00ebsit mbrojn\u00eb njer\u00ebzit, kafsh\u00ebt dhe pron\u00ebn e njer\u00ebzve t\u00eb rrezikuar nga zjarret, v\u00ebrshime, t\u00ebrmete dhe katastrofa t\u00eb tjera, nd\u00ebrsa veprojn\u00eb n\u00eb raste t\u00eb ndryshme me intervenime teknike si: aksidente, shp\u00ebtim nga v\u00ebrshimet, mbrojtje e jet\u00ebs.<\/p>\n<p>N\u00eb shenj\u00ebn e\u00a0 e par\u00eb t\u00eb paraqitjes s\u00eb zjarrit ose ndonj\u00eb lloji tjet\u00ebr t\u00eb interven\u00ebs q\u00eb \u00ebsht\u00eb paraqitur n\u00eb numrin 193, zjarrfik\u00ebsit n\u00eb m\u00ebnyr\u00eb urgjente me pajisjen adekuate nisin p\u00ebr n\u00eb vendndodhjen p\u00ebr t\u00eb filluar me shuarjen sa m\u00eb t\u00eb shpejt\u00eb ose shp\u00ebtimit. Pasiq\u00eb b\u00ebhet fjal\u00eb p\u00ebr shum\u00eb pun\u00eb komplekse, n\u00eb NJTKZ nevojitet organizim i mir\u00eb dhe pun\u00eb ekipore.<\/p>\n<p>Kushtet e pun\u00ebs:<\/p>\n<p>Zjarrfik\u00ebsit punojn\u00eb n\u00eb kushte shum\u00eb t\u00eb ndryshme. Gjat\u00eb shuarjes s\u00eb zjarreve dhe pun\u00ebve tjera aksionare ato u ekspozohen rreziqeve t\u00eb ndryshme. M\u00eb shpesh jan\u00eb t\u00eb ekspozuar n\u00eb rrezik nga zjarri, tymi, avujt helmues, rr\u00ebzimi i objektit, r\u00ebnia e objekteve t\u00eb ndryshme, derdhja e kemikalieve dhe acideve dhe t\u00eb ngjashme. N\u00eb aksionet e zjarrfik\u00ebsve gati p\u00ebrher\u00eb ekspozohen nga lag\u00ebshtia dhe ndikime t\u00eb tjera t\u00eb motit: dielli, shiu,\u00a0 bora, akulli etj. Q\u00eb t\u00eb zvog\u00eblohen ndikimet e d\u00ebmshme t\u00eb tilla, p\u00ebrdoren pajisje teknike dhe personale (veshje, k\u00ebpuce, helmeta mbrojt\u00ebse, aparate izoluese me aj\u00ebr t\u00eb komprimuar, maska mbrojt\u00ebse, shkall\u00eb, litar\u00eb etj) var\u00ebsisht nga lloji i ndodhis\u00eb.<br \/>\nZjarrfik\u00ebsit doemos t\u00eb punojn\u00eb shum\u00eb shpejt dhe t\u00eb ushtrojn\u00eb n\u00eb suaza t\u00eb nevojave dhe aksioneve t\u00eb nd\u00ebrmarra dhe t\u00eb koordinohen me zjarrfik\u00ebsit tjer\u00eb pjes\u00ebmarr\u00ebs n\u00eb aksion si dhe t\u00eb veprojn\u00eb si nj\u00eb ekip. Zjarrfik\u00ebsit punojn\u00eb n\u00eb nd\u00ebrrime 12 or\u00ebsh , nd\u00ebrsa jan\u00eb t\u00eb lir\u00eb 24 ose 48 orl. Punojn\u00eb dit\u00ebn, nat\u00ebn dhe n\u00eb festa. Zjarrfik\u00ebsi doemos t\u00eb jet\u00eb i sh\u00ebndosh\u00eb, n\u00eb gjenjde t\u00eb mir\u00eb trupore, t\u00eb ket\u00eb d\u00ebgjim dhe ndjeshm\u00ebri p\u00ebr baraspesh\u00eb n\u00eb pun\u00eb n\u00eb lart\u00ebsi, t\u00eb ket\u00eb shikim t\u00eb mir\u00eb, sistem t\u00eb sh\u00ebndosh\u00eb t\u00eb frym\u00ebmarrjes, shtypje stabile t\u00eb gjakut, orientim dhe koordinim t\u00eb duhur. Stabiliteti emocional, adaptimi social dhe ndaj adaptimi ndaj pun\u00ebs ekipore.<\/p>\n<p>Kontakt:<br \/>\nAdresa: Beli\u00e7ica nr. 35<\/p>\n<p>Tel. :\u00a0<strong>193<\/strong><br \/>\n(042) 218 144<\/p>\n<\/div><\/section><\/div>\n","protected":false},"excerpt":{"rendered":"","protected":false},"author":1,"featured_media":0,"parent":0,"menu_order":0,"comment_status":"closed","ping_status":"closed","template":"","meta":{"footnotes":""},"class_list":["post-18","page","type-page","status-publish","hentry"],"_links":{"self":[{"href":"https:\/\/gostivari.gov.mk\/042\/wp-json\/wp\/v2\/pages\/18","targetHints":{"allow":["GET"]}}],"collection":[{"href":"https:\/\/gostivari.gov.mk\/042\/wp-json\/wp\/v2\/pages"}],"about":[{"href":"https:\/\/gostivari.gov.mk\/042\/wp-json\/wp\/v2\/types\/page"}],"author":[{"embeddable":true,"href":"https:\/\/gostivari.gov.mk\/042\/wp-json\/wp\/v2\/users\/1"}],"replies":[{"embeddable":true,"href":"https:\/\/gostivari.gov.mk\/042\/wp-json\/wp\/v2\/comments?post=18"}],"version-history":[{"count":2,"href":"https:\/\/gostivari.gov.mk\/042\/wp-json\/wp\/v2\/pages\/18\/revisions"}],"predecessor-version":[{"id":1641,"href":"https:\/\/gostivari.gov.mk\/042\/wp-json\/wp\/v2\/pages\/18\/revisions\/1641"}],"wp:attachment":[{"href":"https:\/\/gostivari.gov.mk\/042\/wp-json\/wp\/v2\/media?parent=18"}],"curies":[{"name":"wp","href":"https:\/\/api.w.org\/{rel}","templated":true}]}}