{"id":220,"date":"2024-10-10T12:18:52","date_gmt":"2024-10-10T12:18:52","guid":{"rendered":"https:\/\/gostivari.gov.mk\/042\/?page_id=220"},"modified":"2024-10-10T12:18:53","modified_gmt":"2024-10-10T12:18:53","slug":"tatimi-taksa-komunale","status":"publish","type":"page","link":"https:\/\/gostivari.gov.mk\/042\/tatimi-taksa-komunale","title":{"rendered":"Tatimi &#8211; Taksa komunale"},"content":{"rendered":"<div  class='flex_column av-av_one_full-2d22dc0500e159f2b39fe7a147caf14c av_one_full  avia-builder-el-0  avia-builder-el-no-sibling  first flex_column_div  '     ><section  class='av_textblock_section av-m239m0nm-1a8a1914c5becc855f03b812387dd5ca '   itemscope=\"itemscope\" itemtype=\"https:\/\/schema.org\/CreativeWork\" ><div class='avia_textblock'  itemprop=\"text\" ><table>\n<tbody>\n<tr>\n<td width=\"200\"><strong>Lloji i tatimit<\/strong><strong>\/ <\/strong><strong>Taksa komunale<\/strong><\/td>\n<td width=\"200\"><strong>Shuma e norm\u00ebs n\u00eb p\u00ebrqindje\/ shum\u00eb absolute<\/strong><\/td>\n<td width=\"200\"><strong>M\u00ebnyra e pages\u00ebs<\/strong><\/td>\n<\/tr>\n<tr>\n<td width=\"200\"><em>Tatim n\u00eb fitim t\u00eb patundshm\u00ebris<\/em><\/td>\n<td width=\"200\">3 % nga vler\u00ebsimi i palujtshm\u00ebris<\/td>\n<td width=\"200\">Shum\u0430 e nj\u00ebhershme<\/td>\n<\/tr>\n<tr>\n<td width=\"200\"><em>Tatimi n\u00eb trash\u00ebgimi dhe dhurata<\/em><\/td>\n<td width=\"200\">Rendi i par\u00eb trash\u00ebgues \u2013nuk paguhet<\/p>\n<p><u>Rendi i dyt\u00eb trash\u00ebgues <\/u><u>&#8211; 3<\/u>% nga vlersimi I patundshm\u00ebris<\/p>\n<p><u>Rendi i tret\u00eb trash\u00ebgues<\/u><u> &#8211;<\/u>5% nga vlersimi I patundshm\u00ebris<\/td>\n<td width=\"200\">Shum\u0430 e nj\u00ebhershme<\/td>\n<\/tr>\n<tr>\n<td width=\"200\"><em>Tatimi n\u00eb pron\u00eb<\/em><\/td>\n<td width=\"200\"><strong><u>0,10 <\/u><\/strong><u>% <\/u><u>nga vlersimi i patundshm\u00ebris<\/u><\/td>\n<td width=\"200\">Nj\u00eb her\u00eb n\u00eb vit<\/td>\n<\/tr>\n<tr>\n<td width=\"200\"><em>Taks\u00eb komunale p\u00ebr firma<\/em><\/td>\n<td width=\"200\">Hap\u00ebsira afariste t\u00eb personave fizik q\u00eb kryen veprimtari- 2000 denar\u00eb<\/p>\n<p>Hap\u00ebsira afariste t\u00eb personave fizik q\u00eb kryen veprimtari, nd\u00ebrsa tatimin e pagujn\u00eb n\u00eb shum\u00ebn paushalle- 500 denar\u00eb<\/p>\n<p>Hap\u00ebsira afariste t\u00eb shoq\u00ebrive tregtare dhe personave tjer\u00eb juridik nga fusha e prodhomit, qarkullimit dhe sh\u00ebrbimeve, p\u00ebrve\u00e7 p\u00ebr shitore, kioska, nj\u00ebsi t\u00eb biznesit- 6000 denar\u00eb<\/p>\n<p>Hap\u00ebsira afariste t\u00eb shoq\u00ebrive tregtare dhe persona juridik t\u00eb tjer\u00eb, si dhe punkte shit\u00ebse q\u00eb veprojn p\u00ebrkoh\u00ebsisht\u2013 3000 denar\u00eb<\/td>\n<td width=\"200\">Nj\u00eb her\u00eb n\u00eb vit<\/p>\n<p>Nj\u00eb her\u00eb n\u00eb vit<\/p>\n<p>Nj\u00eb her\u00eb n\u00eb vit<\/p>\n<p>Nj\u00eb her\u00eb n\u00eb vit<\/td>\n<\/tr>\n<tr>\n<td width=\"200\"><em>Taks\u00eb komunale p\u00ebr hap\u00ebsira p\u00ebr kampe, p\u00ebr ngritjen e shatoreve<\/em><\/td>\n<td width=\"200\">25 denar\u00eb<\/td>\n<td width=\"200\">Baz\u00eb ditore<\/td>\n<\/tr>\n<tr>\n<td width=\"200\"><em>Taks\u00eb kom<\/em><em>unale p\u00ebr shfryt\u00ebzimin e hap\u00ebsir\u00ebs para hap\u00ebsirave biznesore <\/em><\/td>\n<td width=\"200\">P\u00ebr hap\u00ebsira para hap\u00ebsirave biznesore p\u00ebr kryerjen e veprimtaris 10 denar\u00eb m2<\/p>\n<p>P\u00ebr hap\u00ebsir p\u00ebrreth subjektit biznesor ku ka organizuar hap\u00ebsir publike te e cila mundet t\u00eb vendoset paisje urbane- 15 denar\u00eb \/ \u043c2<\/td>\n<td width=\"200\">Baz\u00eb ditore<\/p>\n<p>Baz\u00eb ditore<\/td>\n<\/tr>\n<tr>\n<td width=\"200\"><em>Taks\u00eb komuunale p\u00ebr t\u00eb theksuar reklam\u00eb, shpallje n\u00eb haps\u00ebira <\/em><\/td>\n<td width=\"200\">800 denar\u00eb<\/p>\n<p>1000 denar\u00eb<\/p>\n<p>1200 denar\u00eb<\/td>\n<td width=\"200\">&#8211; deri m\u00eb 7 dit\u00eb<\/p>\n<p>&#8211; deri m\u00eb 30 dit\u00eb<\/p>\n<p>&#8211; deri nj\u00eb vit<\/td>\n<\/tr>\n<tr>\n<td width=\"200\"><em>\u00a0<\/em><em>Taks\u00eb komunale p\u00ebr shfrytim t\u00eb muzik\u00ebs n\u00eb lokale publike<\/em><\/td>\n<td width=\"200\">6700 denar\u00eb<\/td>\n<td width=\"200\">Baz\u00eb vjetore<\/td>\n<\/tr>\n<tr>\n<td width=\"200\"><em>\u00a0Taks\u00eb komunale p\u00ebr vendosjen e vitrinave p\u00ebr ekspozim t\u00eb mallrave jasht\u00eb hap\u00ebsirave biznesore<\/em><\/td>\n<td width=\"200\">Persona fizik q\u00eb kryejn veprimtari &#8211; 1000 denar\u00eb<\/p>\n<p>Persona juridik nga fusha e prodhimtaris\u00eb, qarkullimit dhe sh\u00ebrbimeve \u2013 2000 denar\u00eb<\/td>\n<td width=\"200\">Baz\u00eb vjetore<\/p>\n<p>Baz\u00eb vjetore<\/td>\n<\/tr>\n<tr>\n<td width=\"200\"><em>Taks\u00eb komunale p\u00ebr shfryt\u00ebzimin e shesheve dhe hap\u00ebsir\u00eb tjet\u00ebr n\u00eb qytetet dhe vendet me vendet e banuara me q\u00ebllim ekspozim t\u00eb l\u00ebnd\u00ebve,rregullimin e ekspozeve dhe shfaqjet zbavit\u00ebse<\/em><\/td>\n<td width=\"200\">5 denar\u00eb\/ \u043c2<\/td>\n<td width=\"200\">Baz\u00eb ditore<\/td>\n<\/tr>\n<\/tbody>\n<\/table>\n<\/div><\/section><\/div>\n","protected":false},"excerpt":{"rendered":"","protected":false},"author":1,"featured_media":0,"parent":0,"menu_order":0,"comment_status":"closed","ping_status":"closed","template":"","meta":{"footnotes":""},"class_list":["post-220","page","type-page","status-publish","hentry"],"_links":{"self":[{"href":"https:\/\/gostivari.gov.mk\/042\/wp-json\/wp\/v2\/pages\/220","targetHints":{"allow":["GET"]}}],"collection":[{"href":"https:\/\/gostivari.gov.mk\/042\/wp-json\/wp\/v2\/pages"}],"about":[{"href":"https:\/\/gostivari.gov.mk\/042\/wp-json\/wp\/v2\/types\/page"}],"author":[{"embeddable":true,"href":"https:\/\/gostivari.gov.mk\/042\/wp-json\/wp\/v2\/users\/1"}],"replies":[{"embeddable":true,"href":"https:\/\/gostivari.gov.mk\/042\/wp-json\/wp\/v2\/comments?post=220"}],"version-history":[{"count":1,"href":"https:\/\/gostivari.gov.mk\/042\/wp-json\/wp\/v2\/pages\/220\/revisions"}],"predecessor-version":[{"id":221,"href":"https:\/\/gostivari.gov.mk\/042\/wp-json\/wp\/v2\/pages\/220\/revisions\/221"}],"wp:attachment":[{"href":"https:\/\/gostivari.gov.mk\/042\/wp-json\/wp\/v2\/media?parent=220"}],"curies":[{"name":"wp","href":"https:\/\/api.w.org\/{rel}","templated":true}]}}