{"id":38,"date":"2024-10-03T11:30:31","date_gmt":"2024-10-03T11:30:31","guid":{"rendered":"https:\/\/gostivari.gov.mk\/042\/?page_id=38"},"modified":"2026-04-06T09:14:13","modified_gmt":"2026-04-06T09:14:13","slug":"kontakt","status":"publish","type":"page","link":"https:\/\/gostivari.gov.mk\/042\/kontakt","title":{"rendered":"Kontakt"},"content":{"rendered":"<div  class='flex_column av-vl7y-7d185a5061da6f1f2c7b507e56f11ced av_one_full  avia-builder-el-0  el_before_av_codeblock  avia-builder-el-first  first flex_column_div  '     ><section  class='av_textblock_section av-m1t7t5e9-d458b43959e963a0dc0e491adff4da1f '   itemscope=\"itemscope\" itemtype=\"https:\/\/schema.org\/CreativeWork\" ><div class='avia_textblock'  itemprop=\"text\" ><p><strong>Komuna e Gostivarit Bul. \u201cV\u00ebllez\u00ebrit Gjinoski\u201d 61 1230, Gostivar, Republika e Maqedonis\u00eb s\u00eb Veriut<\/strong><\/p>\n<p><a href=\"mailto:info@gostivari.gov.mk\">info@gostivari.gov.mk<\/a><br \/>\n<strong>tel. +389 (0) 42 214 600<\/strong><br \/>\n<strong>fax +389 (0) 42 214 406<\/strong><\/p>\n<p>Sektori p\u00ebr p\u00ebrkrahje t\u00eb kryetarit<br \/>\n<strong>tel. +389 (0) 42 214 600<\/strong><\/p>\n<p>Sektori p\u00ebr \u00e7\u00ebshtje juridike, t\u00eb p\u00ebrgjithshme dhe organizative<br \/>\n<strong>tel. +389 (0) 42\u00a0213 511<\/strong><\/p>\n<p>Sektori p\u00ebr ceshtje financiare<br \/>\n<strong>tel. +389 (0) 42\u00a0217 438<\/strong><\/p>\n<p>Sektori i urbanizmit, trafikut, aktiviteteve komunale dhe mbrojtjes s\u00eb mjedisit<br \/>\n<strong>tel. +389 (0) 42\u00a0213 511<\/strong><\/p>\n<p>Sektori p\u00ebr veprimtari publike<\/p>\n<p><strong>tel. +389 (0) 42 213 511<\/strong><\/p>\n<p>Sektori p\u00ebr mbik\u00ebqyrje inspektoriale<br \/>\n<strong>tel. +389 (0) 42\u00a0213 511<\/strong><\/p>\n<p>Nj\u00ebsia territoriale e zjarrfik\u00ebsve.<\/p>\n<p><strong>tel.\u00a0193<\/strong><\/p>\n<p>Person i autorizuar p\u00ebr pranimin e parashtresave t\u00eb parashtruara p\u00ebr shkak t\u00eb sinjalizimit t\u00eb mbrojtur\u00a0 t\u00eb brendsh\u00ebm.<br \/>\n<strong>Blerina Mazllami<\/strong><br \/>\n<strong>blerina.mazllami@gostivari.gov.mk<\/strong><br \/>\nPerson p\u00ebr integritet.<\/p>\n<p><strong>Albana Menga<\/strong><\/p>\n<p><strong>albana_menga@hotmail.com<\/strong><\/p>\n<p>Personat p\u00ebr komunikim me qytetar\u00ebt q\u00eb kan\u00eb nj\u00eb lloj dhe shkall\u00eb t\u00eb caktuar t\u00eb aft\u00ebsis\u00eb s\u00eb kufizuar:<\/p>\n<p>Bejtul Lushi\u00a0 \/\u00a0 Bari Abduli\u00a0 \/ Veton Jashari<\/p>\n<p><strong>tel. +389 (0) 42\u00a0218 167<\/strong><\/p>\n<\/div><\/section><\/div><\/p>\n","protected":false},"excerpt":{"rendered":"","protected":false},"author":1,"featured_media":0,"parent":0,"menu_order":0,"comment_status":"closed","ping_status":"closed","template":"","meta":{"footnotes":""},"class_list":["post-38","page","type-page","status-publish","hentry"],"_links":{"self":[{"href":"https:\/\/gostivari.gov.mk\/042\/wp-json\/wp\/v2\/pages\/38","targetHints":{"allow":["GET"]}}],"collection":[{"href":"https:\/\/gostivari.gov.mk\/042\/wp-json\/wp\/v2\/pages"}],"about":[{"href":"https:\/\/gostivari.gov.mk\/042\/wp-json\/wp\/v2\/types\/page"}],"author":[{"embeddable":true,"href":"https:\/\/gostivari.gov.mk\/042\/wp-json\/wp\/v2\/users\/1"}],"replies":[{"embeddable":true,"href":"https:\/\/gostivari.gov.mk\/042\/wp-json\/wp\/v2\/comments?post=38"}],"version-history":[{"count":12,"href":"https:\/\/gostivari.gov.mk\/042\/wp-json\/wp\/v2\/pages\/38\/revisions"}],"predecessor-version":[{"id":2239,"href":"https:\/\/gostivari.gov.mk\/042\/wp-json\/wp\/v2\/pages\/38\/revisions\/2239"}],"wp:attachment":[{"href":"https:\/\/gostivari.gov.mk\/042\/wp-json\/wp\/v2\/media?parent=38"}],"curies":[{"name":"wp","href":"https:\/\/api.w.org\/{rel}","templated":true}]}}