{"id":446,"date":"2024-11-13T10:40:34","date_gmt":"2024-11-13T10:40:34","guid":{"rendered":"https:\/\/gostivari.gov.mk\/042\/?page_id=446"},"modified":"2024-11-13T10:40:34","modified_gmt":"2024-11-13T10:40:34","slug":"organogrami","status":"publish","type":"page","link":"https:\/\/gostivari.gov.mk\/042\/organogrami","title":{"rendered":"Organogrami"},"content":{"rendered":"<div  class='flex_column av-av_one_full-2d22dc0500e159f2b39fe7a147caf14c av_one_full  avia-builder-el-0  el_before_av_image  avia-builder-el-first  first flex_column_div  '     ><section  class='av_textblock_section av-m3fr2gv0-42c35a9a7af46cf598a113ca403f61c0 '   itemscope=\"itemscope\" itemtype=\"https:\/\/schema.org\/CreativeWork\" ><div class='avia_textblock'  itemprop=\"text\" ><p>Kontakt<\/p>\n<p>Tel 042\u00a0214 600<\/p>\n<p><strong>Shpend Imeri<\/strong> \u2013 Udh\u00ebheq\u00ebs i Sektorit p\u00ebr Investime dhe Zhvillim<\/p>\n<p>E-mail:\u00a0\u00a0\u00a0\u00a0\u00a0\u00a0\u00a0\u00a0\u00a0\u00a0 <a href=\"mailto:shpend.imeri@gostivari.gov.mk\">shpend.imeri@gostivari.gov.mk<\/a><\/p>\n<p><strong>Mersel Neziri<\/strong> \u2013 Udh\u00ebheq\u00ebs i Departamentit<\/p>\n<p>E-mail: \u00a0\u00a0\u00a0\u00a0\u00a0\u00a0\u00a0\u00a0\u00a0 <a href=\"mailto:mersel.neziri@gostivari.gov.mk\">mersel.neziri@gostivari.gov.mk<\/a><\/p>\n<\/div><\/section><\/div>\n<style type=\"text\/css\" data-created_by=\"avia_inline_auto\" id=\"style-css-av-m3fr1ylf-4b108189246117597a8a25da330a43f8\">\n.avia-image-container.av-m3fr1ylf-4b108189246117597a8a25da330a43f8 img.avia_image{\nbox-shadow:none;\n}\n.avia-image-container.av-m3fr1ylf-4b108189246117597a8a25da330a43f8 .av-image-caption-overlay-center{\ncolor:#ffffff;\n}\n<\/style>\n<div  class='avia-image-container av-m3fr1ylf-4b108189246117597a8a25da330a43f8 av-styling- avia-align-center  avia-builder-el-2  el_after_av_one_full  avia-builder-el-last '   itemprop=\"image\" itemscope=\"itemscope\" itemtype=\"https:\/\/schema.org\/ImageObject\" ><div class=\"avia-image-container-inner\"><div class=\"avia-image-overlay-wrap\"><img decoding=\"async\" fetchpriority=\"high\" class='wp-image-443 avia-img-lazy-loading-not-443 avia_image ' src=\"https:\/\/gostivari.gov.mk\/042\/wp-content\/uploads\/2024\/11\/organogramgv.jpg\" alt='' title='organogramgv'  height=\"680\" width=\"1280\"  itemprop=\"thumbnailUrl\" srcset=\"https:\/\/gostivari.gov.mk\/042\/wp-content\/uploads\/2024\/11\/organogramgv.jpg 1280w, https:\/\/gostivari.gov.mk\/042\/wp-content\/uploads\/2024\/11\/organogramgv-300x159.jpg 300w, https:\/\/gostivari.gov.mk\/042\/wp-content\/uploads\/2024\/11\/organogramgv-1030x547.jpg 1030w, https:\/\/gostivari.gov.mk\/042\/wp-content\/uploads\/2024\/11\/organogramgv-768x408.jpg 768w, https:\/\/gostivari.gov.mk\/042\/wp-content\/uploads\/2024\/11\/organogramgv-705x375.jpg 705w\" sizes=\"(max-width: 1280px) 100vw, 1280px\" \/><\/div><\/div><\/div><\/p>\n","protected":false},"excerpt":{"rendered":"","protected":false},"author":4,"featured_media":0,"parent":0,"menu_order":0,"comment_status":"closed","ping_status":"closed","template":"","meta":{"footnotes":""},"class_list":["post-446","page","type-page","status-publish","hentry"],"_links":{"self":[{"href":"https:\/\/gostivari.gov.mk\/042\/wp-json\/wp\/v2\/pages\/446","targetHints":{"allow":["GET"]}}],"collection":[{"href":"https:\/\/gostivari.gov.mk\/042\/wp-json\/wp\/v2\/pages"}],"about":[{"href":"https:\/\/gostivari.gov.mk\/042\/wp-json\/wp\/v2\/types\/page"}],"author":[{"embeddable":true,"href":"https:\/\/gostivari.gov.mk\/042\/wp-json\/wp\/v2\/users\/4"}],"replies":[{"embeddable":true,"href":"https:\/\/gostivari.gov.mk\/042\/wp-json\/wp\/v2\/comments?post=446"}],"version-history":[{"count":1,"href":"https:\/\/gostivari.gov.mk\/042\/wp-json\/wp\/v2\/pages\/446\/revisions"}],"predecessor-version":[{"id":447,"href":"https:\/\/gostivari.gov.mk\/042\/wp-json\/wp\/v2\/pages\/446\/revisions\/447"}],"wp:attachment":[{"href":"https:\/\/gostivari.gov.mk\/042\/wp-json\/wp\/v2\/media?parent=446"}],"curies":[{"name":"wp","href":"https:\/\/api.w.org\/{rel}","templated":true}]}}