{"id":468,"date":"2024-11-18T10:36:03","date_gmt":"2024-11-18T10:36:03","guid":{"rendered":"https:\/\/gostivari.gov.mk\/042\/?page_id=468"},"modified":"2024-11-18T10:56:53","modified_gmt":"2024-11-18T10:56:53","slug":"tatimet","status":"publish","type":"page","link":"https:\/\/gostivari.gov.mk\/042\/tatimet","title":{"rendered":"Tatimet &#8211; udh\u00ebzues p\u00ebr pages online"},"content":{"rendered":"\n<p><strong>UDH\u00cbZ<\/strong><strong>UES P\u00cbR PAGES\u00cb ELEKTRONIKE<\/strong><\/p>\n\n\n\n<p>Me k\u00ebt\u00eb udh\u00ebzues, ju mund t\u00eb paguani shpejt dhe leht\u00eb obligimet tuaja tatimore p\u00ebr tatimin n\u00eb pron\u00eb, tatimin n\u00eb qarkullim, tatimin n\u00eb trash\u00ebgimi dhe dhurata, si dhe taks\u00ebn komunale p\u00ebr nd\u00ebrmarrjen p\u00ebrmes platform\u00ebs <a href=\"https:\/\/edanoci.mk\/\">edanoci.mk<\/a>.<\/p>\n\n\n\n<p>M\u00ebnyrat e pages\u00ebs:<\/p>\n\n\n\n<p>1. Duke skanuar kodin QR:<\/p>\n\n\n\n<p>N\u00eb \u00e7do aktvendim \u00ebsht\u00eb printuar kodi QR. Me skanimin e tij me celular, automatikisht do t\u00eb ridrejtoheni n\u00eb portalin e pagesave <a href=\"https:\/\/edanoci.mk\/\">edanoci.mk<\/a>.<\/p>\n\n\n\n<figure class=\"wp-block-image size-full\"><img loading=\"lazy\" decoding=\"async\" width=\"689\" height=\"842\" src=\"https:\/\/gostivari.gov.mk\/042\/wp-content\/uploads\/2024\/11\/foto1.png\" alt=\"\" class=\"wp-image-472\" srcset=\"https:\/\/gostivari.gov.mk\/042\/wp-content\/uploads\/2024\/11\/foto1.png 689w, https:\/\/gostivari.gov.mk\/042\/wp-content\/uploads\/2024\/11\/foto1-245x300.png 245w, https:\/\/gostivari.gov.mk\/042\/wp-content\/uploads\/2024\/11\/foto1-577x705.png 577w\" sizes=\"auto, (max-width: 689px) 100vw, 689px\" \/><\/figure>\n\n\n\n<p>2. <strong>P\u00ebrmes aksesit t\u00eb drejtp\u00ebrdrejt\u00eb n\u00eb platform\u00eb:<\/strong><\/p>\n\n\n\n<p>Futeni linkun <a href=\"https:\/\/edanoci.mk\/\">http s:\/\/edanoci.mk\/<\/a>n\u00eb shfletuesin tuaj. Pas hapjes s\u00eb platform\u00ebs, klikoni n\u00eb opsionin p\u00ebr t\u00eb par\u00eb dhe paguar aktvendimin.<\/p>\n\n\n\n<p><strong>P\u00ebr t&#8217;u regjistruar, do t&#8217;ju duhet numri i referenc\u00ebs s\u00eb <\/strong><strong>aktvendimit<\/strong><strong>.<\/strong><strong><br><\/strong><\/p>\n\n\n\n<figure class=\"wp-block-image size-large\"><img loading=\"lazy\" decoding=\"async\" width=\"1030\" height=\"507\" src=\"https:\/\/gostivari.gov.mk\/042\/wp-content\/uploads\/2024\/11\/foto2-1030x507.png\" alt=\"\" class=\"wp-image-473\" srcset=\"https:\/\/gostivari.gov.mk\/042\/wp-content\/uploads\/2024\/11\/foto2-1030x507.png 1030w, https:\/\/gostivari.gov.mk\/042\/wp-content\/uploads\/2024\/11\/foto2-300x148.png 300w, https:\/\/gostivari.gov.mk\/042\/wp-content\/uploads\/2024\/11\/foto2-768x378.png 768w, https:\/\/gostivari.gov.mk\/042\/wp-content\/uploads\/2024\/11\/foto2-1536x756.png 1536w, https:\/\/gostivari.gov.mk\/042\/wp-content\/uploads\/2024\/11\/foto2-1500x739.png 1500w, https:\/\/gostivari.gov.mk\/042\/wp-content\/uploads\/2024\/11\/foto2-705x347.png 705w, https:\/\/gostivari.gov.mk\/042\/wp-content\/uploads\/2024\/11\/foto2.png 1708w\" sizes=\"auto, (max-width: 1030px) 100vw, 1030px\" \/><\/figure>\n\n\n\n<p><strong>Opsionet e pages\u00ebs:<\/strong><\/p>\n\n\n\n<p>&#8211; <strong>Pages\u00eb e shpejt\u00eb pa regjistrim:<\/strong><\/p>\n\n\n\n<p>Ky opsion lejon pages\u00eb pa regjistrim. Mjafton t\u00eb sh\u00ebnoni numrin e referenc\u00ebs s\u00eb aktvendimin dhe NVAQ ose NVTS p\u00ebr t\u00eb cilin ka t\u00eb b\u00ebj\u00eb aktvendimin.<\/p>\n\n\n\n<figure class=\"wp-block-image size-large\"><img loading=\"lazy\" decoding=\"async\" width=\"1030\" height=\"824\" src=\"https:\/\/gostivari.gov.mk\/042\/wp-content\/uploads\/2024\/11\/foto3-1030x824.png\" alt=\"\" class=\"wp-image-474\" srcset=\"https:\/\/gostivari.gov.mk\/042\/wp-content\/uploads\/2024\/11\/foto3-1030x824.png 1030w, https:\/\/gostivari.gov.mk\/042\/wp-content\/uploads\/2024\/11\/foto3-300x240.png 300w, https:\/\/gostivari.gov.mk\/042\/wp-content\/uploads\/2024\/11\/foto3-768x614.png 768w, https:\/\/gostivari.gov.mk\/042\/wp-content\/uploads\/2024\/11\/foto3-705x564.png 705w, https:\/\/gostivari.gov.mk\/042\/wp-content\/uploads\/2024\/11\/foto3.png 1209w\" sizes=\"auto, (max-width: 1030px) 100vw, 1030px\" \/><\/figure>\n\n\n\n<p>Pas verifikimit, sistemi do ta shfaq\u00eb aktvendimin s\u00eb bashku me statusin e tij t\u00eb faturimit dhe n\u00ebse i nj\u00ebjti nuk \u00ebsht\u00eb paguar, do t&#8217;ju jap\u00eb ospion p\u00ebr ta paguar at\u00eb.<\/p>\n\n\n\n<figure class=\"wp-block-image size-large\"><img loading=\"lazy\" decoding=\"async\" width=\"1030\" height=\"541\" src=\"https:\/\/gostivari.gov.mk\/042\/wp-content\/uploads\/2024\/11\/foto4-1030x541.png\" alt=\"\" class=\"wp-image-475\" srcset=\"https:\/\/gostivari.gov.mk\/042\/wp-content\/uploads\/2024\/11\/foto4-1030x541.png 1030w, https:\/\/gostivari.gov.mk\/042\/wp-content\/uploads\/2024\/11\/foto4-300x158.png 300w, https:\/\/gostivari.gov.mk\/042\/wp-content\/uploads\/2024\/11\/foto4-768x403.png 768w, https:\/\/gostivari.gov.mk\/042\/wp-content\/uploads\/2024\/11\/foto4-705x370.png 705w, https:\/\/gostivari.gov.mk\/042\/wp-content\/uploads\/2024\/11\/foto4.png 1154w\" sizes=\"auto, (max-width: 1030px) 100vw, 1030px\" \/><\/figure>\n\n\n\n<p>&#8211; <strong>Pages<\/strong><strong>\u00eb me regjistrim<\/strong><\/p>\n\n\n\n<p>E rekomandojm\u00eb pages\u00ebn me regjistrim p\u00ebr nj\u00eb p\u00ebrvoj\u00eb m\u00eb t\u00eb mir\u00eb dhe m\u00eb shum\u00eb funksionalite p\u00ebr Ju. P\u00ebr regjistrim, do t&#8217;ju duhet nj\u00eb mail adres\u00eb p\u00ebr t\u00eb cil\u00ebn do t\u00eb krijohet profili i p\u00ebrdoruesit p\u00ebr Ju.<\/p>\n\n\n\n<figure class=\"wp-block-image size-large\"><img loading=\"lazy\" decoding=\"async\" width=\"1020\" height=\"1030\" src=\"https:\/\/gostivari.gov.mk\/042\/wp-content\/uploads\/2024\/11\/foto5-1020x1030.png\" alt=\"\" class=\"wp-image-476\" srcset=\"https:\/\/gostivari.gov.mk\/042\/wp-content\/uploads\/2024\/11\/foto5-1020x1030.png 1020w, https:\/\/gostivari.gov.mk\/042\/wp-content\/uploads\/2024\/11\/foto5-297x300.png 297w, https:\/\/gostivari.gov.mk\/042\/wp-content\/uploads\/2024\/11\/foto5-80x80.png 80w, https:\/\/gostivari.gov.mk\/042\/wp-content\/uploads\/2024\/11\/foto5-768x776.png 768w, https:\/\/gostivari.gov.mk\/042\/wp-content\/uploads\/2024\/11\/foto5-36x36.png 36w, https:\/\/gostivari.gov.mk\/042\/wp-content\/uploads\/2024\/11\/foto5-698x705.png 698w, https:\/\/gostivari.gov.mk\/042\/wp-content\/uploads\/2024\/11\/foto5.png 1087w\" sizes=\"auto, (max-width: 1020px) 100vw, 1020px\" \/><\/figure>\n\n\n\n<p>Pas krijimit t\u00eb profilit t\u00eb p\u00ebrdoruesit dhe aktivizimit t\u00eb tij dhe anocimit n\u00eb platform\u00eb, p\u00ebrve\u00e7 pasqyr\u00ebs s\u00eb detyrimeve t\u00eb papaguara dhe ark\u00ebtimit t\u00eb tyre, Ju ofrohen m\u00eb shum\u00eb mund\u00ebsi, t\u00eb tilla si:<\/p>\n\n\n\n<ul class=\"wp-block-list\">\n<li>Pasqyr\u00eb e t\u00eb dh\u00ebnave Tuaja baz\u00eb.<\/li>\n\n\n\n<li>Mund\u00ebsia p\u00ebr t\u00eb shtuar tatimpagues t\u00eb tjer\u00eb n\u00eb em\u00ebr t\u00eb t\u00eb cil\u00ebve mund t\u00eb rishikoni dhe t\u00eb paguani detyrimet.<\/li>\n\n\n\n<li>Pasqyr\u00eb e t\u00eb gjitha detyrimeve tatimore ndaj komun\u00ebs dhe detyrimeve t\u00eb papaguara.<\/li>\n\n\n\n<li>Pasqyr\u00eb e pron\u00ebs, vlera e parashikuar dhe aktvendimet e l\u00ebshuara.<\/li>\n\n\n\n<li>Qasje n\u00eb kart\u00ebn tuaj financiare dhe pasqyr\u00eb e t\u00eb gjitha transaksioneve.<\/li>\n\n\n\n<li>Parashtrim i kund\u00ebrshtimit n\u00eb Komun\u00eb.<\/li>\n<\/ul>\n\n\n\n<figure class=\"wp-block-image size-large\"><img loading=\"lazy\" decoding=\"async\" width=\"1030\" height=\"252\" src=\"https:\/\/gostivari.gov.mk\/042\/wp-content\/uploads\/2024\/11\/foto6-1030x252.png\" alt=\"\" class=\"wp-image-477\" srcset=\"https:\/\/gostivari.gov.mk\/042\/wp-content\/uploads\/2024\/11\/foto6-1030x252.png 1030w, https:\/\/gostivari.gov.mk\/042\/wp-content\/uploads\/2024\/11\/foto6-300x73.png 300w, https:\/\/gostivari.gov.mk\/042\/wp-content\/uploads\/2024\/11\/foto6-768x188.png 768w, https:\/\/gostivari.gov.mk\/042\/wp-content\/uploads\/2024\/11\/foto6-1536x376.png 1536w, https:\/\/gostivari.gov.mk\/042\/wp-content\/uploads\/2024\/11\/foto6-1500x367.png 1500w, https:\/\/gostivari.gov.mk\/042\/wp-content\/uploads\/2024\/11\/foto6-705x173.png 705w, https:\/\/gostivari.gov.mk\/042\/wp-content\/uploads\/2024\/11\/foto6.png 1891w\" sizes=\"auto, (max-width: 1030px) 100vw, 1030px\" \/><\/figure>\n\n\n\n<p>Pas regjistrimit p\u00ebr t\u00eb b\u00ebr\u00eb pages\u00ebn e borxhit tatimor, duhet t\u00eb zgjidhni detyrimet e papaguara, Komun\u00ebn p\u00ebr t\u00eb cil\u00ebn b\u00ebhet pagesa, t\u00eb zgjidhni nj\u00eb ose m\u00eb shum\u00eb detyrime t\u00eb papaguara dhe t\u00eb klikoni Paguaj detyrimin p\u00ebr Komun\u00ebn.<\/p>\n\n\n\n<figure class=\"wp-block-image size-large\"><img loading=\"lazy\" decoding=\"async\" width=\"1030\" height=\"454\" src=\"https:\/\/gostivari.gov.mk\/042\/wp-content\/uploads\/2024\/11\/foto7-1030x454.png\" alt=\"\" class=\"wp-image-478\" srcset=\"https:\/\/gostivari.gov.mk\/042\/wp-content\/uploads\/2024\/11\/foto7-1030x454.png 1030w, https:\/\/gostivari.gov.mk\/042\/wp-content\/uploads\/2024\/11\/foto7-300x132.png 300w, https:\/\/gostivari.gov.mk\/042\/wp-content\/uploads\/2024\/11\/foto7-768x339.png 768w, https:\/\/gostivari.gov.mk\/042\/wp-content\/uploads\/2024\/11\/foto7-705x311.png 705w, https:\/\/gostivari.gov.mk\/042\/wp-content\/uploads\/2024\/11\/foto7.png 1217w\" sizes=\"auto, (max-width: 1030px) 100vw, 1030px\" \/><\/figure>\n\n\n\n<p>Pasi t\u00eb keni klikuar te Paguaj detyrimin p\u00ebr Komun\u00ebn, aplikacioni Ju \u00e7on kah ark\u00ebtimi n\u00eb t\u00eb cil\u00ebn para jepet pasqyra e Tatimit dhe shuma q\u00eb \u00ebsht\u00eb zgjedhur p\u00ebr t&#8217;u paguar.<\/p>\n\n\n\n<p>Pasi t\u00eb keni zgjedhur Vazhdo kah pagesa, aplikacioni Ju \u00e7on n\u00eb terminalin Virtual POS ku patjet\u00ebr t\u00eb vendosni: Emrin dhe Mbiemrin, Numrin e Kart\u00ebs, kodin CVV2\/CVC2, si dhe Afatin e vlefshm\u00ebris\u00eb s\u00eb kart\u00ebs. Duke klikuar mbi Konfirmo, aplikacioni i Verifikon t\u00eb dh\u00ebnat dhe b\u00ebn pages\u00ebn elektronike.<\/p>\n\n\n\n<figure class=\"wp-block-image size-full\"><img loading=\"lazy\" decoding=\"async\" width=\"607\" height=\"698\" src=\"https:\/\/gostivari.gov.mk\/042\/wp-content\/uploads\/2024\/11\/foto9.png\" alt=\"\" class=\"wp-image-481\" srcset=\"https:\/\/gostivari.gov.mk\/042\/wp-content\/uploads\/2024\/11\/foto9.png 607w, https:\/\/gostivari.gov.mk\/042\/wp-content\/uploads\/2024\/11\/foto9-261x300.png 261w\" sizes=\"auto, (max-width: 607px) 100vw, 607px\" \/><\/figure>\n\n\n\n<p><\/p>\n","protected":false},"excerpt":{"rendered":"<p>UDH\u00cbZUES P\u00cbR PAGES\u00cb ELEKTRONIKE Me k\u00ebt\u00eb udh\u00ebzues, ju mund t\u00eb paguani shpejt dhe leht\u00eb obligimet tuaja tatimore p\u00ebr tatimin n\u00eb pron\u00eb, tatimin n\u00eb qarkullim, tatimin n\u00eb trash\u00ebgimi dhe dhurata, si dhe taks\u00ebn komunale p\u00ebr nd\u00ebrmarrjen p\u00ebrmes platform\u00ebs edanoci.mk. M\u00ebnyrat e pages\u00ebs: 1. Duke skanuar kodin QR: N\u00eb \u00e7do aktvendim \u00ebsht\u00eb printuar kodi QR. Me skanimin [&hellip;]<\/p>\n","protected":false},"author":4,"featured_media":0,"parent":0,"menu_order":0,"comment_status":"closed","ping_status":"closed","template":"","meta":{"footnotes":""},"class_list":["post-468","page","type-page","status-publish","hentry"],"_links":{"self":[{"href":"https:\/\/gostivari.gov.mk\/042\/wp-json\/wp\/v2\/pages\/468","targetHints":{"allow":["GET"]}}],"collection":[{"href":"https:\/\/gostivari.gov.mk\/042\/wp-json\/wp\/v2\/pages"}],"about":[{"href":"https:\/\/gostivari.gov.mk\/042\/wp-json\/wp\/v2\/types\/page"}],"author":[{"embeddable":true,"href":"https:\/\/gostivari.gov.mk\/042\/wp-json\/wp\/v2\/users\/4"}],"replies":[{"embeddable":true,"href":"https:\/\/gostivari.gov.mk\/042\/wp-json\/wp\/v2\/comments?post=468"}],"version-history":[{"count":4,"href":"https:\/\/gostivari.gov.mk\/042\/wp-json\/wp\/v2\/pages\/468\/revisions"}],"predecessor-version":[{"id":488,"href":"https:\/\/gostivari.gov.mk\/042\/wp-json\/wp\/v2\/pages\/468\/revisions\/488"}],"wp:attachment":[{"href":"https:\/\/gostivari.gov.mk\/042\/wp-json\/wp\/v2\/media?parent=468"}],"curies":[{"name":"wp","href":"https:\/\/api.w.org\/{rel}","templated":true}]}}