{"id":587,"date":"2024-12-02T13:16:43","date_gmt":"2024-12-02T13:16:43","guid":{"rendered":"https:\/\/gostivari.gov.mk\/042\/?page_id=587"},"modified":"2024-12-02T13:16:44","modified_gmt":"2024-12-02T13:16:44","slug":"paraqit-24-7","status":"publish","type":"page","link":"https:\/\/gostivari.gov.mk\/042\/paraqit-24-7","title":{"rendered":"Paraqit 24\/7"},"content":{"rendered":"<div  class='flex_column av-av_one_full-2d22dc0500e159f2b39fe7a147caf14c av_one_full  avia-builder-el-0  avia-builder-el-no-sibling  first flex_column_div  '     ><p><section  class='av_textblock_section av-m471v2g1-d2dbe816e597271bc8fa4f5d50f1942d '   itemscope=\"itemscope\" itemtype=\"https:\/\/schema.org\/CreativeWork\" ><div class='avia_textblock'  itemprop=\"text\" ><p>Plot\u00ebso t\u00eb dh\u00ebnat p\u00ebr t\u00eb paraqitur problemin Tuaj.<\/p>\n<p>Komuna e Gostivarit dhe administrata do t\u00eb ju paraqiten sa ma shpejt.<\/p>\n<\/div><\/section><br \/>\n<form action=\"https:\/\/gostivari.gov.mk\/042\/paraqit-24-7\" method=\"post\" data-fields-with-error=\"Found errors in the following field(s):\" class=\"avia_ajax_form av-form-labels-visible   avia-builder-el-2  el_after_av_textblock  avia-builder-el-last   \" data-avia-form-id=\"1\" data-avia-redirect=''  aria-label='Contact Form' ><fieldset><p class='  first_form  form_element form_fullwidth' id='element_avia_1_1'><label for=\"avia_1_1\">Emri <abbr class=\"required\" title=\"required\">*<\/abbr><\/label> <input name=\"avia_1_1\" class=\"text_input is_empty\" type=\"text\" id=\"avia_1_1\" value=\"\" \/><\/p><p class='  first_form  form_element form_fullwidth' id='element_avia_2_1'><label for=\"avia_2_1\">E-Mail <abbr class=\"required\" title=\"required\">*<\/abbr><\/label> <input name=\"avia_2_1\" class=\"text_input is_email\" type=\"text\" id=\"avia_2_1\" value=\"\" \/><\/p><p class='  first_form  form_element form_fullwidth' id='element_avia_3_1'><label for=\"avia_3_1\">Titulli <abbr class=\"required\" title=\"required\">*<\/abbr><\/label> <input name=\"avia_3_1\" class=\"text_input is_empty\" type=\"text\" id=\"avia_3_1\" value=\"\" \/><\/p><p class='  first_form  form_element form_fullwidth av-last-visible-form-element' id='element_avia_4_1'><label for=\"avia_4_1\" class=\"textare_label hidden textare_label_avia_4_1\">Mesazhi <abbr class=\"required\" title=\"required\">*<\/abbr><\/label><textarea  name=\"avia_4_1\" class=\"text_area is_empty\" cols=\"40\" rows=\"7\" id=\"avia_4_1\" ><\/textarea><\/p><p class=\"hidden\"><input type=\"text\" name=\"avia_5_1\" class=\"hidden \" id=\"avia_5_1\" value=\"\" \/><\/p><p class=\"form_element \"><input type=\"hidden\" value=\"1\" name=\"avia_generated_form1\" \/><input type=\"submit\" value=\"D\u00ebrgo\" class=\"button\"  data-sending-label=\"Sending\"\/><\/p><\/fieldset><\/form><div id=\"ajaxresponse_1\" class=\"ajaxresponse ajaxresponse_1 hidden\"><\/div><\/p><\/div>\n","protected":false},"excerpt":{"rendered":"","protected":false},"author":4,"featured_media":0,"parent":0,"menu_order":0,"comment_status":"closed","ping_status":"closed","template":"","meta":{"footnotes":""},"class_list":["post-587","page","type-page","status-publish","hentry"],"_links":{"self":[{"href":"https:\/\/gostivari.gov.mk\/042\/wp-json\/wp\/v2\/pages\/587","targetHints":{"allow":["GET"]}}],"collection":[{"href":"https:\/\/gostivari.gov.mk\/042\/wp-json\/wp\/v2\/pages"}],"about":[{"href":"https:\/\/gostivari.gov.mk\/042\/wp-json\/wp\/v2\/types\/page"}],"author":[{"embeddable":true,"href":"https:\/\/gostivari.gov.mk\/042\/wp-json\/wp\/v2\/users\/4"}],"replies":[{"embeddable":true,"href":"https:\/\/gostivari.gov.mk\/042\/wp-json\/wp\/v2\/comments?post=587"}],"version-history":[{"count":1,"href":"https:\/\/gostivari.gov.mk\/042\/wp-json\/wp\/v2\/pages\/587\/revisions"}],"predecessor-version":[{"id":588,"href":"https:\/\/gostivari.gov.mk\/042\/wp-json\/wp\/v2\/pages\/587\/revisions\/588"}],"wp:attachment":[{"href":"https:\/\/gostivari.gov.mk\/042\/wp-json\/wp\/v2\/media?parent=587"}],"curies":[{"name":"wp","href":"https:\/\/api.w.org\/{rel}","templated":true}]}}