{"id":776,"date":"2024-12-27T10:24:35","date_gmt":"2024-12-27T10:24:35","guid":{"rendered":"https:\/\/gostivari.gov.mk\/042\/?page_id=776"},"modified":"2026-01-27T10:30:54","modified_gmt":"2026-01-27T10:30:54","slug":"ploteso-formularin-per-foshnjen-e-posalindur","status":"publish","type":"page","link":"https:\/\/gostivari.gov.mk\/042\/ploteso-formularin-per-foshnjen-e-posalindur","title":{"rendered":"Plot\u00ebso formularin p\u00ebr foshnj\u00ebn e posalindur"},"content":{"rendered":"<section  class='av_textblock_section av-m56sb86i-54819318152860aae6b03502d6f704b3 '   itemscope=\"itemscope\" itemtype=\"https:\/\/schema.org\/CreativeWork\" ><div class='avia_textblock'  itemprop=\"text\" ><p><strong>SH\u00cbNIM ME R\u00cbND\u00cbSI:<\/strong> Aplikimet vlejn\u00eb vet\u00ebm p\u00ebr familjet q\u00eb kan\u00eb f\u00ebmij\u00eb t\u00eb porsalindur nga 1 janari 2025 deri m\u00eb 31 dhjetor 2026.<\/p>\n<p>Aplikimet q\u00eb nuk jan\u00eb p\u00ebr f\u00ebmij\u00eb t\u00eb porsalindur n\u00eb vitin 2025-2026, nuk do t\u00eb merren parasysh.<\/p>\n<p>Gjithashtu aplikimet vlejn\u00eb vet\u00ebm p\u00ebr banor\u00ebt e territorit t\u00eb Komun\u00ebs s\u00eb Gostivarit.<\/p>\n<hr \/>\n<\/div><\/section>\n\n<section  class='av_textblock_section av-bbico-ac6d0fc1beb29635030d400c6f1034c1 '   itemscope=\"itemscope\" itemtype=\"https:\/\/schema.org\/CreativeWork\" ><div class='avia_textblock'  itemprop=\"text\" ><p>* T\u00eb dh\u00ebnat dhe dokumentacionet personale q\u00eb do t\u00eb d\u00ebrgohen do t\u00eb ruhen n\u00eb p\u00ebrputhje me ligjin dhe nuk do t\u00eb b\u00ebhen publike jasht\u00eb institucionit komunal.<\/p>\n<\/div><\/section>\n","protected":false},"excerpt":{"rendered":"","protected":false},"author":4,"featured_media":0,"parent":0,"menu_order":0,"comment_status":"closed","ping_status":"closed","template":"","meta":{"footnotes":""},"class_list":["post-776","page","type-page","status-publish","hentry"],"_links":{"self":[{"href":"https:\/\/gostivari.gov.mk\/042\/wp-json\/wp\/v2\/pages\/776","targetHints":{"allow":["GET"]}}],"collection":[{"href":"https:\/\/gostivari.gov.mk\/042\/wp-json\/wp\/v2\/pages"}],"about":[{"href":"https:\/\/gostivari.gov.mk\/042\/wp-json\/wp\/v2\/types\/page"}],"author":[{"embeddable":true,"href":"https:\/\/gostivari.gov.mk\/042\/wp-json\/wp\/v2\/users\/4"}],"replies":[{"embeddable":true,"href":"https:\/\/gostivari.gov.mk\/042\/wp-json\/wp\/v2\/comments?post=776"}],"version-history":[{"count":14,"href":"https:\/\/gostivari.gov.mk\/042\/wp-json\/wp\/v2\/pages\/776\/revisions"}],"predecessor-version":[{"id":2053,"href":"https:\/\/gostivari.gov.mk\/042\/wp-json\/wp\/v2\/pages\/776\/revisions\/2053"}],"wp:attachment":[{"href":"https:\/\/gostivari.gov.mk\/042\/wp-json\/wp\/v2\/media?parent=776"}],"curies":[{"name":"wp","href":"https:\/\/api.w.org\/{rel}","templated":true}]}}