{"id":89,"date":"2024-10-04T13:30:41","date_gmt":"2024-10-04T13:30:41","guid":{"rendered":"https:\/\/gostivari.gov.mk\/042\/?page_id=89"},"modified":"2025-06-12T21:20:49","modified_gmt":"2025-06-12T21:20:49","slug":"qasje-e-lire-ne-informata-me-karakter-publik","status":"publish","type":"page","link":"https:\/\/gostivari.gov.mk\/042\/mk\/qasje-e-lire-ne-informata-me-karakter-publik","title":{"rendered":"Qasje e lir\u00eb n\u00eb informata me karakter publik"},"content":{"rendered":"<div  class='flex_column av-139vp-961b6f1573b537c1f755f66c151bc5f3 av_one_full  avia-builder-el-0  avia-builder-el-no-sibling  first flex_column_div  '     ><section  class='av_textblock_section av-m1urjc3d-e3ddee6a5e4d8c996365295e11caae22 '   itemscope=\"itemscope\" itemtype=\"https:\/\/schema.org\/CreativeWork\" ><div class='avia_textblock'  itemprop=\"text\" ><p><strong>Qasje e lir\u00eb n\u00eb informata me karakter publik<\/strong><\/p>\n<ul>\n<li><strong>Informata themelore:<\/strong>\n<ul>\n<li><a href=\"https:\/\/gostivari.gov.mk\/042\/wp-content\/uploads\/2025\/03\/Kerkese_info-2-1.doc\">Formulari &#8211; K\u00ebrkes\u00eb p\u00ebr qasje t\u00eb lir\u00eb n\u00eb informata me karakter publik (word format)<\/a><\/li>\n<li><a href=\"http:\/\/www.komspi.mk\/Content_Data\/Baneri\/Qasja%20ne%20informacione.pdf\" target=\"_blank\" rel=\"noopener\">Broshura &#8211; Qasja n\u00eb informacione me karakter publik \u00ebsht\u00eb e lir\u00eb<\/a><\/li>\n<li><a href=\"https:\/\/gostivari.gov.mk\/042\/wp-content\/uploads\/2025\/03\/Ankese_komisioni.doc\">Formulari &#8211; Ankes\u00eb deri te Komisioni (KMDQLIKP) (word format)<\/a><\/li>\n<li><a href=\"https:\/\/gostivari.gov.mk\/042\/wp-content\/uploads\/2025\/03\/vpkshmidhpi-qeveri.pdf\" target=\"_blank\" rel=\"noopener\">Vendimi p\u00ebr p\u00ebrcaktimin e kompensimit t\u00eb shpenzimeve materiale p\u00ebr informat\u00ebn e dh\u00ebn\u00eb nga poseduesit e informatave <\/a><\/li>\n<li><a href=\"#\" target=\"_blank\" rel=\"noopener\">Lista e informatave me karakter publik<\/a><\/li>\n<\/ul>\n<\/li>\n<\/ul>\n<ul>\n<li><strong>Akte themelore juridike<\/strong>\n<ul>\n<li><a href=\"https:\/\/gostivari.gov.mk\/statuti-i-komunes-se-gostivarit\/\" target=\"_self\" rel=\"noopener\">Statuti i komun\u00ebs<\/a><\/li>\n<li><a href=\"https:\/\/gostivari.gov.mk\/042\/buleni-zyrtar\" target=\"_self\" rel=\"noopener\">Buletine zyrtare t\u00eb komun\u00ebs<\/a><\/li>\n<li><a title=\"K\u00ebshilli i Komun\u00ebs s\u00eb Gostivarit\" href=\"https:\/\/gostivari.gov.mk\/web\/images\/stories\/PDF\/FreeInfo\/vofmkdakkg-2015_oodnizoaog-2015.pdf\" target=\"_blank\" rel=\"noopener\">Vendimi p\u00ebr organizimin, fush\u00ebveprimin dhe m\u00ebnyr\u00ebn e kryerjes s\u00eb detyrave t\u00eb administrat\u00ebs komunale t\u00eb Komun\u00ebs s\u00eb Gostivarit (pdf format)<\/a><a href=\"https:\/\/gostivari.gov.mk\/web\/images\/stories\/PDF\/FreeInfo\/organogrami-2015.pdf\" target=\"_blank\" rel=\"noopener\">\u00a0<\/a><\/li>\n<li><a href=\"https:\/\/gostivari.gov.mk\/042\/wp-content\/uploads\/2024\/11\/te-punesuarit-ne-Sektori-19.11.2024.pdf\" target=\"_blank\" rel=\"noopener\">Organizimi i administrat\u00ebs komunale &#8211; Organogrami <\/a><\/li>\n<li><a href=\"https:\/\/gostivari.gov.mk\/042\/wp-content\/uploads\/2024\/11\/MINISTRIA-PER-SHOQERI-INFORMATIKE-DHE-ADMINISTRATE.pdf\">Kodeksi i sh\u00ebrbyesve administrativ<\/a><\/li>\n<\/ul>\n<\/li>\n<\/ul>\n<p style=\"text-align: justify;\"><strong>E drejta p\u00ebr qasje t\u00eb lir\u00eb n\u00eb\u00a0 informacione me karakter publik p\u00ebr personat me aft\u00ebsi t\u00eb kufizuara<\/strong><\/p>\n<p>https:\/\/gostivari.gov.mk\/wp-content\/uploads\/2024\/05\/AL-MK.pdf<\/p>\n<p><strong>Raportet<\/strong><\/p>\n<p>Raporti 2023:<\/p>\n<p>https:\/\/gostivari.gov.mk\/wp-content\/uploads\/2024\/02\/2023.pdf<\/p>\n<p><strong>Raport Vjetor 2021 :<\/strong><\/p>\n<p><a href=\"https:\/\/gostivari.gov.mk\/wp-content\/uploads\/2022\/01\/raport-vjetor-2021.pdf\">Raporti Vjetor<\/a><\/p>\n<p>Raport 2020:<\/p>\n<p>https:\/\/gostivari.gov.mk\/wp-content\/uploads\/2021\/01\/Scan-5.1.2021-at-10.05.pdf<\/p>\n<p>Raporti 2019 :<br \/>\nhttps:\/\/gostivari.gov.mk\/wp-content\/uploads\/2017\/11\/raport.pdf<\/p>\n<p><em>Persona zyrtar\u00eb p\u00ebr nd\u00ebrjmet\u00ebsim n\u00eb informata me karakter publik<\/em><\/p>\n<p><b>Senad Asani<\/b><\/p>\n<p>senad.asani@gostivari.gov.mk<\/p>\n<p>TEL:<\/p>\n<div><strong>Komuna e Gostivarit<\/strong><\/div>\n<div>Bul. B.Gjinoski 61<\/div>\n<div>1230 Gostivar<\/div>\n<div>tel. + 389 (0) 42 213 511<\/div>\n<div>fax. + 389 (0) 42 214 406<\/div>\n<div>e-mail:\u00a0<a href=\"mailto:info@gostivari.gov.mk\">info@gostivari.gov.mk<\/a><\/div>\n<div>web:\u00a0<a href=\"https:\/\/gostivari.gov.mk\/\">www.gostivari.gov.mk<\/a><\/div>\n<div><\/div>\n<\/div><\/section><\/div>\n","protected":false},"excerpt":{"rendered":"","protected":false},"author":1,"featured_media":0,"parent":0,"menu_order":0,"comment_status":"closed","ping_status":"closed","template":"","meta":{"footnotes":""},"class_list":["post-89","page","type-page","status-publish","hentry"],"_links":{"self":[{"href":"https:\/\/gostivari.gov.mk\/042\/wp-json\/wp\/v2\/pages\/89","targetHints":{"allow":["GET"]}}],"collection":[{"href":"https:\/\/gostivari.gov.mk\/042\/wp-json\/wp\/v2\/pages"}],"about":[{"href":"https:\/\/gostivari.gov.mk\/042\/wp-json\/wp\/v2\/types\/page"}],"author":[{"embeddable":true,"href":"https:\/\/gostivari.gov.mk\/042\/wp-json\/wp\/v2\/users\/1"}],"replies":[{"embeddable":true,"href":"https:\/\/gostivari.gov.mk\/042\/wp-json\/wp\/v2\/comments?post=89"}],"version-history":[{"count":13,"href":"https:\/\/gostivari.gov.mk\/042\/wp-json\/wp\/v2\/pages\/89\/revisions"}],"predecessor-version":[{"id":1443,"href":"https:\/\/gostivari.gov.mk\/042\/wp-json\/wp\/v2\/pages\/89\/revisions\/1443"}],"wp:attachment":[{"href":"https:\/\/gostivari.gov.mk\/042\/wp-json\/wp\/v2\/media?parent=89"}],"curies":[{"name":"wp","href":"https:\/\/api.w.org\/{rel}","templated":true}]}}